{"id":16784,"date":"2020-02-19T03:55:16","date_gmt":"2020-02-19T03:55:16","guid":{"rendered":"http:\/\/www.aadip.org.ar\/web\/?page_id=16784"},"modified":"2020-04-15T21:38:22","modified_gmt":"2020-04-15T21:38:22","slug":"como-asociarse-a-aadip","status":"publish","type":"page","link":"http:\/\/www.aadip.org.ar\/web\/como-asociarse-a-aadip\/","title":{"rendered":"\u00bfC\u00f3mo asociarse?"},"content":{"rendered":"<p>[vc_row row_type=\u00bbrow\u00bb use_row_as_full_screen_section=\u00bbno\u00bb type=\u00bbfull_width\u00bb angled_section=\u00bbno\u00bb text_align=\u00bbleft\u00bb background_image_as_pattern=\u00bbwithout_pattern\u00bb css_animation=\u00bb\u00bb][vc_column][vc_separator type=\u00bbnormal\u00bb][vc_column_text]<\/p>\n<p><strong>Se establecen dos categor\u00edas principales de asociados:<\/strong><\/p>\n<p>[\/vc_column_text][vc_separator type=\u00bbnormal\u00bb][\/vc_column][\/vc_row][vc_row row_type=\u00bbrow\u00bb use_row_as_full_screen_section=\u00bbno\u00bb type=\u00bbfull_width\u00bb angled_section=\u00bbno\u00bb text_align=\u00bbleft\u00bb background_image_as_pattern=\u00bbwithout_pattern\u00bb css_animation=\u00bb\u00bb full_width=\u00bbstretch_row\u00bb css=\u00bb.vc_custom_1434538871508{margin-bottom: 0px !important;}\u00bb][vc_column width=\u00bb1\/3&#8243;][vc_column_text css=\u00bb.vc_custom_1584598572167{margin-top: 70px !important;margin-bottom: 70px !important;}\u00bb]<strong>Activos 1<\/strong>. Activos: Los profesionales con t\u00edtulo de ingenieros, egresados de universidades reconocidas en el \u00e1mbito nacional y que re\u00fanan antig\u00fcedad en el ejercicio efectivo y continuo de la especialidad no menor de cinco (5) a\u00f1os.<\/p>\n<p>[\/vc_column_text][\/vc_column][vc_column width=\u00bb1\/3&#8243;][vc_single_image image=\u00bb16889&#8243; img_size=\u00bbfull\u00bb alignment=\u00bbcenter\u00bb qode_css_animation=\u00bb\u00bb css=\u00bb.vc_custom_1584598897716{margin-right: -15px !important;margin-left: -15px !important;}\u00bb][\/vc_column][vc_column width=\u00bb1\/3&#8243;][vc_column_text css=\u00bb.vc_custom_1584598581432{margin-top: 70px !important;margin-bottom: 70px !important;}\u00bb] <strong>2. Adherentes:<\/strong> los ingenieros no comprendidos en el inciso anterior y los profesionales de otras disciplinas, que hayan intervenido en estudios, administracion y\/o explotaci\u00f3n de instalacionse portuarias y\/o v\u00edas navegables.<\/p>\n<p>[\/vc_column_text][\/vc_column][\/vc_row][vc_row row_type=\u00bbrow\u00bb use_row_as_full_screen_section=\u00bbno\u00bb type=\u00bbfull_width\u00bb angled_section=\u00bbno\u00bb text_align=\u00bbleft\u00bb background_image_as_pattern=\u00bbwithout_pattern\u00bb css_animation=\u00bb\u00bb full_width=\u00bbstretch_row\u00bb css=\u00bb.vc_custom_1584735465051{margin-bottom: 40px !important;}\u00bb][vc_column width=\u00bb1\/3&#8243;][vc_single_image image=\u00bb16888&#8243; img_size=\u00bbfull\u00bb alignment=\u00bbcenter\u00bb qode_css_animation=\u00bb\u00bb css=\u00bb.vc_custom_1584598920351{margin-right: -15px !important;margin-left: -15px !important;}\u00bb][\/vc_column][vc_column width=\u00bb1\/3&#8243;][vc_column_text css=\u00bb.vc_custom_1584598589626{margin-top: 70px !important;margin-bottom: 70px !important;}\u00bb]Para asociarse a AADIP, los interesados deben remitir un Curriculum Vitae, v\u00eda correo electr\u00f3nico. Evaluado este CV por las Autoridades y una vez aceptado, el asociado deber\u00e1 completar una planilla con sus datos personales y abonar una cuota anual.<\/p>\n<p>[\/vc_column_text][\/vc_column][vc_column width=\u00bb1\/3&#8243;][vc_single_image image=\u00bb16887&#8243; img_size=\u00bblarge\u00bb alignment=\u00bbcenter\u00bb qode_css_animation=\u00bb\u00bb css=\u00bb.vc_custom_1584598935761{margin-right: -15px !important;margin-left: -15px !important;}\u00bb][\/vc_column][\/vc_row]<\/p>\n","protected":false},"excerpt":{"rendered":"<p>[vc_row row_type=\u00bbrow\u00bb use_row_as_full_screen_section=\u00bbno\u00bb type=\u00bbfull_width\u00bb angled_section=\u00bbno\u00bb text_align=\u00bbleft\u00bb background_image_as_pattern=\u00bbwithout_pattern\u00bb css_animation=\u00bb\u00bb][vc_column][vc_separator type=\u00bbnormal\u00bb][vc_column_text] Se establecen dos categor\u00edas principales de asociados: [\/vc_column_text][vc_separator type=\u00bbnormal\u00bb][\/vc_column][\/vc_row][vc_row row_type=\u00bbrow\u00bb use_row_as_full_screen_section=\u00bbno\u00bb type=\u00bbfull_width\u00bb angled_section=\u00bbno\u00bb text_align=\u00bbleft\u00bb background_image_as_pattern=\u00bbwithout_pattern\u00bb css_animation=\u00bb\u00bb full_width=\u00bbstretch_row\u00bb css=\u00bb.vc_custom_1434538871508{margin-bottom: 0px !important;}\u00bb][vc_column width=\u00bb1\/3&#8243;][vc_column_text css=\u00bb.vc_custom_1584598572167{margin-top: 70px !important;margin-bottom: 70px !important;}\u00bb]Activos 1. Activos: Los profesionales con t\u00edtulo de ingenieros, egresados de&#8230;<\/p>\n","protected":false},"author":1,"featured_media":0,"parent":0,"menu_order":0,"comment_status":"closed","ping_status":"closed","template":"","meta":{"footnotes":""},"class_list":["post-16784","page","type-page","status-publish","hentry"],"_links":{"self":[{"href":"http:\/\/www.aadip.org.ar\/web\/wp-json\/wp\/v2\/pages\/16784","targetHints":{"allow":["GET"]}}],"collection":[{"href":"http:\/\/www.aadip.org.ar\/web\/wp-json\/wp\/v2\/pages"}],"about":[{"href":"http:\/\/www.aadip.org.ar\/web\/wp-json\/wp\/v2\/types\/page"}],"author":[{"embeddable":true,"href":"http:\/\/www.aadip.org.ar\/web\/wp-json\/wp\/v2\/users\/1"}],"replies":[{"embeddable":true,"href":"http:\/\/www.aadip.org.ar\/web\/wp-json\/wp\/v2\/comments?post=16784"}],"version-history":[{"count":20,"href":"http:\/\/www.aadip.org.ar\/web\/wp-json\/wp\/v2\/pages\/16784\/revisions"}],"predecessor-version":[{"id":17287,"href":"http:\/\/www.aadip.org.ar\/web\/wp-json\/wp\/v2\/pages\/16784\/revisions\/17287"}],"wp:attachment":[{"href":"http:\/\/www.aadip.org.ar\/web\/wp-json\/wp\/v2\/media?parent=16784"}],"curies":[{"name":"wp","href":"https:\/\/api.w.org\/{rel}","templated":true}]}}