{"id":16793,"date":"2020-02-19T03:58:47","date_gmt":"2020-02-19T03:58:47","guid":{"rendered":"http:\/\/www.aadip.org.ar\/web\/?page_id=16793"},"modified":"2021-03-15T14:01:47","modified_gmt":"2021-03-15T14:01:47","slug":"pianc","status":"publish","type":"page","link":"http:\/\/www.aadip.org.ar\/web\/pianc\/","title":{"rendered":"PIANC en Argentina"},"content":{"rendered":"<p>[vc_row row_type=\u00bbrow\u00bb use_row_as_full_screen_section=\u00bbno\u00bb type=\u00bbfull_width\u00bb angled_section=\u00bbno\u00bb text_align=\u00bbleft\u00bb background_image_as_pattern=\u00bbwithout_pattern\u00bb css_animation=\u00bb\u00bb css=\u00bb.vc_custom_1586907492219{margin-bottom: 20px !important;}\u00bb][vc_column][vc_separator type=\u00bbnormal\u00bb][vc_column_text]<strong>PIANC<\/strong><\/p>\n<p>[\/vc_column_text][vc_separator type=\u00bbnormal\u00bb][vc_column_text css=\u00bb.vc_custom_1586907474383{margin-bottom: 40px !important;}\u00bb]Es una organizaci\u00f3n t\u00e9cnica y cient\u00edfica, apol\u00edtica y no lucrativa, mundial, conformada por representantes de gobiernos nacionales, corporaciones y miembros individuales.<\/p>\n<p>[\/vc_column_text][\/vc_column][\/vc_row][vc_row row_type=\u00bbrow\u00bb use_row_as_full_screen_section=\u00bbno\u00bb type=\u00bbfull_width\u00bb angled_section=\u00bbno\u00bb text_align=\u00bbleft\u00bb background_image_as_pattern=\u00bbwithout_pattern\u00bb css_animation=\u00bb\u00bb css=\u00bb.vc_custom_1586290148479{margin-top: 20px !important;margin-bottom: 20px !important;}\u00bb][vc_column width=\u00bb1\/2&#8243;][vc_single_image image=\u00bb16865&#8243; img_size=\u00bbfull\u00bb alignment=\u00bbcenter\u00bb qode_css_animation=\u00bb\u00bb css=\u00bb.vc_custom_1586290249039{margin-bottom: 20px !important;}\u00bb][vc_column_text]<strong>El objetivo de PIANC<\/strong> es promover la navegaci\u00f3n interior y mar\u00edtima, fomentando el desarrollo en el planeamiento, el dise\u00f1o, la construcci\u00f3n, la mejora, el mantenimiento y la operaci\u00f3n de canales y de puertos interiores y mar\u00edtimos y de las \u00e1reas costeras, tanto en pa\u00edses industrializados como en naciones en v\u00edas de desarrollo.<\/p>\n<p>[\/vc_column_text][\/vc_column][vc_column width=\u00bb1\/2&#8243;][vc_single_image image=\u00bb16864&#8243; img_size=\u00bbfull\u00bb alignment=\u00bbcenter\u00bb qode_css_animation=\u00bb\u00bb css=\u00bb.vc_custom_1586290243374{margin-bottom: 20px !important;}\u00bb][vc_column_text]<strong>PIANC<\/strong> fue fundado en 1885 y es la asociaci\u00f3n internacional m\u00e1s antigua referida a aspectos t\u00e9cnicos de la navegaci\u00f3n. Ha hecho &#8211; y contin\u00faa haciendo &#8211; una contribuci\u00f3n vital al desarrollo t\u00e9cnico en este campo.<\/p>\n<p>[\/vc_column_text][\/vc_column][\/vc_row][vc_row row_type=\u00bbrow\u00bb use_row_as_full_screen_section=\u00bbno\u00bb type=\u00bbfull_width\u00bb angled_section=\u00bbno\u00bb text_align=\u00bbleft\u00bb background_image_as_pattern=\u00bbwithout_pattern\u00bb css_animation=\u00bb\u00bb css=\u00bb.vc_custom_1586290155454{margin-top: 20px !important;margin-bottom: 20px !important;}\u00bb][vc_column width=\u00bb1\/2&#8243;][vc_single_image image=\u00bb17194&#8243; img_size=\u00bbfull\u00bb alignment=\u00bbcenter\u00bb qode_css_animation=\u00bb\u00bb css=\u00bb.vc_custom_1586911042753{margin-bottom: 20px !important;}\u00bb][vc_column_text]<strong>PIANC tiene miembros en 65 pa\u00edses<\/strong>, incluyendo unos 450 miembros corporativos (compa\u00f1\u00edas privadas, agencias mar\u00edtimas, laboratorios, C\u00e1maras de Comercio, etc&#8230;) y cerca de 2000 miembros individuales.<\/p>\n<p>[\/vc_column_text][\/vc_column][vc_column width=\u00bb1\/2&#8243;][vc_single_image image=\u00bb16862&#8243; img_size=\u00bbfull\u00bb alignment=\u00bbcenter\u00bb qode_css_animation=\u00bb\u00bb css=\u00bb.vc_custom_1586290259453{margin-bottom: 20px !important;}\u00bb][vc_column_text]<strong>Un total de 21 pa\u00edses<\/strong> han conformado Secciones Nacionales, reconocidas actualmente, las cuales facilitan la interacci\u00f3n entre las Oficinas Centrales de PIANC y los distintos miembros de la asociaci\u00f3n.<\/p>\n<p>[\/vc_column_text][\/vc_column][\/vc_row][vc_row row_type=\u00bbrow\u00bb use_row_as_full_screen_section=\u00bbno\u00bb type=\u00bbfull_width\u00bb angled_section=\u00bbno\u00bb text_align=\u00bbleft\u00bb background_image_as_pattern=\u00bbwithout_pattern\u00bb css_animation=\u00bb\u00bb][vc_column][vc_separator type=\u00bbnormal\u00bb][\/vc_column][\/vc_row][vc_row row_type=\u00bbrow\u00bb use_row_as_full_screen_section=\u00bbno\u00bb type=\u00bbfull_width\u00bb angled_section=\u00bbno\u00bb text_align=\u00bbleft\u00bb background_image_as_pattern=\u00bbwithout_pattern\u00bb css_animation=\u00bb\u00bb css=\u00bb.vc_custom_1586290352055{margin-top: 20px !important;margin-bottom: 30px !important;}\u00bb][vc_column][vc_column_text]<\/p>\n<p><strong>La Asociaci\u00f3n Argentina de Ingenieros Portuarios (AADIP)<\/strong> ha sido designada representante de PIANC en Argentina. A partir de esto, se conform\u00f3 la Secci\u00f3n Nacional Argentina de PIANC que actualmente cuenta con 90 integrantes de los cuales 78 son miembros particulares (41 J\u00f3venes Profesionales) y 12 miembros corporativos. Estos \u00faltimos se presentan a continuaci\u00f3n:<\/p>\n<p>[\/vc_column_text]<div class='image_hover ' style='' data-transition-delay=''><div class='images_holder'><img itemprop='image' class='' src='http:\/\/www.aadip.org.ar\/web\/wp-content\/uploads\/2021\/03\/Sin-t\u00edtulo-1.png' alt='' style='' \/><img itemprop='image' class='hover_image' src='' alt='' style='' \/><\/div><\/div>[\/vc_column][\/vc_row]<\/p>\n","protected":false},"excerpt":{"rendered":"<p>[vc_row row_type=\u00bbrow\u00bb use_row_as_full_screen_section=\u00bbno\u00bb type=\u00bbfull_width\u00bb angled_section=\u00bbno\u00bb text_align=\u00bbleft\u00bb background_image_as_pattern=\u00bbwithout_pattern\u00bb css_animation=\u00bb\u00bb css=\u00bb.vc_custom_1586907492219{margin-bottom: 20px !important;}\u00bb][vc_column][vc_separator type=\u00bbnormal\u00bb][vc_column_text]PIANC [\/vc_column_text][vc_separator type=\u00bbnormal\u00bb][vc_column_text css=\u00bb.vc_custom_1586907474383{margin-bottom: 40px !important;}\u00bb]Es una organizaci\u00f3n t\u00e9cnica y cient\u00edfica, apol\u00edtica y no lucrativa, mundial, conformada por representantes de gobiernos nacionales, corporaciones y miembros individuales. [\/vc_column_text][\/vc_column][\/vc_row][vc_row row_type=\u00bbrow\u00bb use_row_as_full_screen_section=\u00bbno\u00bb type=\u00bbfull_width\u00bb angled_section=\u00bbno\u00bb text_align=\u00bbleft\u00bb background_image_as_pattern=\u00bbwithout_pattern\u00bb css_animation=\u00bb\u00bb&#8230;<\/p>\n","protected":false},"author":1,"featured_media":0,"parent":0,"menu_order":0,"comment_status":"closed","ping_status":"closed","template":"","meta":{"footnotes":""},"class_list":["post-16793","page","type-page","status-publish","hentry"],"_links":{"self":[{"href":"http:\/\/www.aadip.org.ar\/web\/wp-json\/wp\/v2\/pages\/16793","targetHints":{"allow":["GET"]}}],"collection":[{"href":"http:\/\/www.aadip.org.ar\/web\/wp-json\/wp\/v2\/pages"}],"about":[{"href":"http:\/\/www.aadip.org.ar\/web\/wp-json\/wp\/v2\/types\/page"}],"author":[{"embeddable":true,"href":"http:\/\/www.aadip.org.ar\/web\/wp-json\/wp\/v2\/users\/1"}],"replies":[{"embeddable":true,"href":"http:\/\/www.aadip.org.ar\/web\/wp-json\/wp\/v2\/comments?post=16793"}],"version-history":[{"count":13,"href":"http:\/\/www.aadip.org.ar\/web\/wp-json\/wp\/v2\/pages\/16793\/revisions"}],"predecessor-version":[{"id":18071,"href":"http:\/\/www.aadip.org.ar\/web\/wp-json\/wp\/v2\/pages\/16793\/revisions\/18071"}],"wp:attachment":[{"href":"http:\/\/www.aadip.org.ar\/web\/wp-json\/wp\/v2\/media?parent=16793"}],"curies":[{"name":"wp","href":"https:\/\/api.w.org\/{rel}","templated":true}]}}