{"id":17744,"date":"2020-08-24T22:06:04","date_gmt":"2020-08-24T22:06:04","guid":{"rendered":"http:\/\/www.aadip.org.ar\/web\/?page_id=17744"},"modified":"2023-04-24T23:23:30","modified_gmt":"2023-04-24T23:23:30","slug":"cursos","status":"publish","type":"page","link":"http:\/\/www.aadip.org.ar\/web\/cursos\/","title":{"rendered":"Cursos"},"content":{"rendered":"<p>[vc_row row_type=\u00bbrow\u00bb use_row_as_full_screen_section=\u00bbno\u00bb type=\u00bbfull_width\u00bb angled_section=\u00bbno\u00bb text_align=\u00bbleft\u00bb background_image_as_pattern=\u00bbwithout_pattern\u00bb css_animation=\u00bb\u00bb full_width=\u00bbstretch_row\u00bb gap=\u00bb35&#8243; equal_height=\u00bbyes\u00bb css=\u00bb.vc_custom_1586928062927{padding-bottom: 100px !important;background-color: #ffffff !important;background-position: center !important;background-repeat: no-repeat !important;background-size: cover !important;}\u00bb][vc_column css=\u00bb.vc_custom_1455714400431{background-color: #ffffff !important;border-radius: 5px !important;}\u00bb][vc_column_text]<\/p>\n<h1>Talleres 2023<\/h1>\n<p>[\/vc_column_text][vc_empty_space height=\u00bb15px\u00bb][vc_column_text]<\/p>\n<p><strong>Taller de debate sobre amarres de embarcaciones fluviales en las v\u00edas navegable del R\u00edo Paran\u00e1<\/strong><\/p>\n<p>[\/vc_column_text][vc_empty_space height=\u00bb15px\u00bb][vc_column_text]<\/p>\n<p>\n&#x25b6; <a href=\"http:\/\/www.aadip.org.ar\/web\/wp-content\/uploads\/2023\/04\/CAI-AADIP-Taller-de-Amarres-2023-Terminos-de-Referencia.pdf\"><strong>T\u00e9rminos de Referencias para Descargar<\/strong><\/a> &#x25c0;<\/p>\n<p>[\/vc_column_text][vc_empty_space height=\u00bb15px\u00bb][vc_column_text]<em><\/p>\n<p>Inscripciones: cdoc@aadip.org.ar<\/p>\n<p><\/em><br \/>\n[\/vc_column_text][vc_empty_space height=\u00bb5px\u00bb][vc_gallery type=\u00bbflexslider_slide\u00bb interval=\u00bb3&#8243; images=\u00bb18557,18556&#8243; img_size=\u00bbfull\u00bb onclick=\u00bb\u00bb direction_nav=\u00bbyes\u00bb control_nav=\u00bbyes\u00bb][\/vc_column][\/vc_row]<\/p>\n","protected":false},"excerpt":{"rendered":"<p>[vc_row row_type=\u00bbrow\u00bb use_row_as_full_screen_section=\u00bbno\u00bb type=\u00bbfull_width\u00bb angled_section=\u00bbno\u00bb text_align=\u00bbleft\u00bb background_image_as_pattern=\u00bbwithout_pattern\u00bb css_animation=\u00bb\u00bb full_width=\u00bbstretch_row\u00bb gap=\u00bb35&#8243; equal_height=\u00bbyes\u00bb css=\u00bb.vc_custom_1586928062927{padding-bottom: 100px !important;background-color: #ffffff !important;background-position: center !important;background-repeat: no-repeat !important;background-size: cover !important;}\u00bb][vc_column css=\u00bb.vc_custom_1455714400431{background-color: #ffffff !important;border-radius: 5px !important;}\u00bb][vc_column_text] Talleres 2023 [\/vc_column_text][vc_empty_space height=\u00bb15px\u00bb][vc_column_text] Taller de debate sobre amarres de embarcaciones fluviales en las v\u00edas navegable del R\u00edo&#8230;<\/p>\n","protected":false},"author":1,"featured_media":0,"parent":0,"menu_order":0,"comment_status":"closed","ping_status":"closed","template":"","meta":{"footnotes":""},"class_list":["post-17744","page","type-page","status-publish","hentry"],"_links":{"self":[{"href":"http:\/\/www.aadip.org.ar\/web\/wp-json\/wp\/v2\/pages\/17744","targetHints":{"allow":["GET"]}}],"collection":[{"href":"http:\/\/www.aadip.org.ar\/web\/wp-json\/wp\/v2\/pages"}],"about":[{"href":"http:\/\/www.aadip.org.ar\/web\/wp-json\/wp\/v2\/types\/page"}],"author":[{"embeddable":true,"href":"http:\/\/www.aadip.org.ar\/web\/wp-json\/wp\/v2\/users\/1"}],"replies":[{"embeddable":true,"href":"http:\/\/www.aadip.org.ar\/web\/wp-json\/wp\/v2\/comments?post=17744"}],"version-history":[{"count":3,"href":"http:\/\/www.aadip.org.ar\/web\/wp-json\/wp\/v2\/pages\/17744\/revisions"}],"predecessor-version":[{"id":18545,"href":"http:\/\/www.aadip.org.ar\/web\/wp-json\/wp\/v2\/pages\/17744\/revisions\/18545"}],"wp:attachment":[{"href":"http:\/\/www.aadip.org.ar\/web\/wp-json\/wp\/v2\/media?parent=17744"}],"curies":[{"name":"wp","href":"https:\/\/api.w.org\/{rel}","templated":true}]}}