{"id":18117,"date":"2022-07-05T23:55:03","date_gmt":"2022-07-05T23:55:03","guid":{"rendered":"http:\/\/www.aadip.org.ar\/web\/?page_id=18117"},"modified":"2023-03-23T13:32:46","modified_gmt":"2023-03-23T13:32:46","slug":"descargas","status":"publish","type":"page","link":"http:\/\/www.aadip.org.ar\/web\/descargas\/","title":{"rendered":"DESCARGAS"},"content":{"rendered":"<p>[vc_row row_type=\u00bbrow\u00bb use_row_as_full_screen_section=\u00bbno\u00bb type=\u00bbfull_width\u00bb angled_section=\u00bbno\u00bb text_align=\u00bbleft\u00bb background_image_as_pattern=\u00bbwithout_pattern\u00bb css_animation=\u00bb\u00bb css=\u00bb.vc_custom_1663421461485{margin-bottom: 120px !important;}\u00bb el_class=\u00bbtext-align: justify;\u00bb][vc_column]<div class='q_list circle bold'><\/p>\n<ul>\n<li>Programa XII Congreso Argentino de Ingenier\u00eda Portuaria<a href=\"http:\/\/www.aadip.org.ar\/web\/wp-content\/uploads\/2022\/09\/XII-Congreso-AADIP-Programa-1.pdf\" target=\"_blank\" rel=\"noopener\"> &#8211; Descargar<\/a><\/li>\n<li>Libro de Abstracts XII Congreso Argentino de Ingenier\u00eda Portuaria<a href=\"http:\/\/www.aadip.org.ar\/web\/wp-content\/uploads\/2022\/09\/XII-Congreso-AADIP-Libro-de-Abstracts.pdf\" target=\"_blank\" rel=\"noopener\"> &#8211; Descargar<\/a><\/li>\n<li>Papers XII Congreso Argentino de Ingenier\u00eda Portuaria:<\/li>\n<\/ul>\n<p><\/div>[vc_tabs style=\u00bbboxed\u00bb][vc_tab title=\u00bbD\u00eda 01&#8243; tab_id=\u00bbcea42cb2-5a4b-6&#8243;][vc_column_text css=\u00bb.vc_custom_1663420604487{margin-bottom: 40px !important;}\u00bb]<\/p>\n<h6><b>Lunes 05 de septiembre de 2022<\/b><\/h6>\n<p>[\/vc_column_text][vc_column_text css=\u00bb.vc_custom_1663421148705{margin-bottom: 20px !important;}\u00bb]<\/p>\n<h4><u>Sesi\u00f3n T\u00e9cnica N\u00b001<\/u><\/h4>\n<p>[\/vc_column_text]<div class='q_list circle'><\/p>\n<ul>\n<li><a href=\"http:\/\/www.aadip.org.ar\/web\/wp-content\/uploads\/2022\/09\/Paper-CA1215_Gonzalez_L.pdf\" target=\"_blank\" rel=\"noopener\"><b>CA1215_Gonzalez_L &#8211; Nuevo desarrollo portuario en Puerto Rawson<\/b> &#8211; Gonz\u00e1lez, Lucrecia Fernanda<\/a><\/li>\n<li style=\"color: #7c7c7c;\"><b>CA1218_Giordano_L &#8211; Polo log\u00edstico pesquero y n\u00e1utico deportivo &#8211; Puerto de San Antonio Este, Provincia de R\u00edo Negro<\/b> &#8211; Giordano, Luis<\/li>\n<\/ul>\n<p><\/div>[vc_column_text css=\u00bb.vc_custom_1663421169899{margin-top: 40px !important;margin-bottom: 20px !important;}\u00bb]<\/p>\n<h4><u>Sesi\u00f3n T\u00e9cnica N\u00b002<\/u><\/h4>\n<p>[\/vc_column_text]<div class='q_list circle'><\/p>\n<ul>\n<li><a href=\"http:\/\/www.aadip.org.ar\/web\/wp-content\/uploads\/2022\/09\/Paper-CA1205_Donini_H.pdf\" target=\"_blank\" rel=\"noopener\"><b>CA1205_Donini_H &#8211; Modificaciones en la costa de Playa Uni\u00f3n ocasionadas por fen\u00f3menos naturales y antr\u00f3picos<\/b> &#8211; Donini, Hugo Juan<\/a><\/li>\n<li><a href=\"http:\/\/www.aadip.org.ar\/web\/wp-content\/uploads\/2022\/09\/Paper-CA1216_Bandi_P.pdf\" target=\"_blank\" rel=\"noopener\"><b>CA1216_Bandi_P &#8211; Una mirada acerca del sistema portuario de Tierra del Fuego: aspectos t\u00e9cnicos, desarrollo y planificaci\u00f3n<\/b> &#8211; Bandi, Pablo<\/a><\/li>\n<li style=\"color: #7c7c7c;\"><b>CA1220_Acu\u00f1a_S &#8211; Proyecto licitatorio del Corredor Austral Argentino, integraci\u00f3n Tierra del Fuego e Islas del Atl\u00e1ntico Sur <\/b> &#8211; Acu\u00f1a, Sandra; Laurente, Roc\u00edo; Cardini Julio; Rodado Wilfrido<\/li>\n<li><a href=\"http:\/\/www.aadip.org.ar\/web\/wp-content\/uploads\/2022\/09\/Paper-CA1203_Guerreiro_R.pdf\" target=\"_blank\" rel=\"noopener\"><b>CA1203_Guerreiro_R &#8211; An\u00e1lisis de datos de olas de \u201cERA5\u201d en la provincia de Chubut <\/b> &#8211; Das Neves Guerreiro, Ricardo; Ojeda, Francisco<\/a><\/li>\n<\/ul>\n<p><\/div>[\/vc_tab][vc_tab title=\u00bbD\u00eda 02&#8243; tab_id=\u00bb1663366975602-4-5&#8243;][vc_column_text css=\u00bb.vc_custom_1663420561699{margin-bottom: 40px !important;}\u00bb]<\/p>\n<h6><b>Martes 06 de septiembre de 2022<\/b><\/h6>\n<p>[\/vc_column_text][vc_column_text css=\u00bb.vc_custom_1663421192013{margin-bottom: 20px !important;}\u00bb]<\/p>\n<h4><u>Sesi\u00f3n T\u00e9cnica N\u00b003<\/u><\/h4>\n<p>[\/vc_column_text]<div class='q_list circle'><\/p>\n<ul>\n<li><a href=\"http:\/\/www.aadip.org.ar\/web\/wp-content\/uploads\/2022\/09\/Paper-CA1201_Iribarren_JR.pdf\" target=\"_blank\" rel=\"noopener\"><b>CA1201_Iribarren_JR &#8211; SIFLOW21. Simulaci\u00f3n predictiva de capacidad de canales de navegaci\u00f3n e infraestructuras portuarias basado en an\u00e1lisis de datos AIS<\/b> &#8211; Iribarren, Jos\u00e9 Ram\u00f3n; Ayuso, Carmen; Redondo, Ra\u00fal; Atienza, Ra\u00fal<\/a><\/li>\n<li><a href=\"http:\/\/www.aadip.org.ar\/web\/wp-content\/uploads\/2022\/09\/Paper-CA1221_Mancere_A.pdf\" target=\"_blank\" rel=\"noopener\"><b>CA1221_Mancere_A &#8211; Estudio del efecto manga aparente en el Canal Punta Indio<\/b> &#8211; Mancere, Antonella; Garc\u00eda, Sebasti\u00e1n<\/a><\/li>\n<li><a href=\"http:\/\/www.aadip.org.ar\/web\/wp-content\/uploads\/2022\/09\/Paper-CA1222_Paz_D.pdf\" target=\"_blank\" rel=\"noopener\"><b>CA1222_Paz_D &#8211; Modelado y simulaci\u00f3n de terminales portuarias<\/b> &#8211; Paz, Daniel Pablo<\/a><\/li>\n<li><a href=\"http:\/\/www.aadip.org.ar\/web\/wp-content\/uploads\/2022\/09\/Paper-CA1211_Pitton-Straface_L.pdf\" target=\"_blank\" rel=\"noopener\"><b>CA1211_Pitton Straface_L &#8211; Estudios de navegaci\u00f3n en proximidad a muelle y operaci\u00f3n portuaria en funci\u00f3n del buque de dise\u00f1o<\/b> &#8211; Pitton Straface, Leandro Cristian<\/a><\/li>\n<\/ul>\n<p><\/div>[\/vc_tab][vc_tab title=\u00bbD\u00eda 03&#8243; tab_id=\u00bb1663366979630-5-7&#8243;][vc_column_text css=\u00bb.vc_custom_1663420599369{margin-bottom: 40px !important;}\u00bb]<\/p>\n<h6><b>Mi\u00e9rcoles 07 de septiembre de 2022<\/b><\/h6>\n<p>[\/vc_column_text][vc_column_text css=\u00bb.vc_custom_1663421199824{margin-bottom: 20px !important;}\u00bb]<\/p>\n<h4><u>Sesi\u00f3n T\u00e9cnica N\u00b004<\/u><\/h4>\n<p>[\/vc_column_text]<div class='q_list circle'><\/p>\n<ul>\n<li><a href=\"http:\/\/www.aadip.org.ar\/web\/wp-content\/uploads\/2022\/09\/Paper-CA1207_Grau-Figueredo_J.pdf\" target=\"_blank\" rel=\"noopener\"><b>CA1207_Grau Figueredo_J &#8211; Dise\u00f1o de bolardos y ganchos de disparo r\u00e1pido. Debates generados en el marco del desarrollo del PIANC WG 231<\/b> &#8211; Grau Figueredo, Jose Mar\u00eda; Del Vecchio, Alberto<\/a><\/li>\n<li><a href=\"http:\/\/www.aadip.org.ar\/web\/wp-content\/uploads\/2023\/03\/Paper-04-Criterios-para-la-Eleccion-de-un-Buque-de-Diseno-en-el-Proyecto-Conceptual-de-Canales-Navegables-y-Otras-Instalaciones-Portuarias.pdf\" target=\"_blank\" rel=\"noopener\"><b>CA1204_De Vincenzi_M &#8211; Criterios para la Elecci\u00f3n de un Buque de Dise\u00f1o en el Proyecto Conceptual de Canales Navegables y Otras Instalaciones Portuarias<\/b> &#8211; De Vicenzi, Marcos<\/a><\/li>\n<li style=\"color: #7c7c7c;\">\n<h4>&#x1f947;Premio Mejor Trabajo Joven Profesional XII Congreso Argentino de Ingenier\u00eda Portuaria:<\/h4>\n<p><\/br><b><a href=\"http:\/\/www.aadip.org.ar\/web\/wp-content\/uploads\/2022\/09\/Paper-CA1208_Grau-Figueredo_J.pdf\" target=\"_blank\" rel=\"noopener\">CA1208_Grau Figueredo_J &#8211; Criterios especiales para el dise\u00f1o de sistemas de defensas en terminales portuarias fluviales<\/b> &#8211; Grau Figueredo, Jos\u00e9 Mar\u00eda<\/a><\/li>\n<li style=\"color: #7c7c7c;\">\n<h4>&#x2b50;Presentaci\u00f3n especial:<\/h4>\n<p><\/br><b><a href=\"http:\/\/www.aadip.org.ar\/web\/wp-content\/uploads\/2022\/09\/Paper-PE_Kovacs_V.pdf\" target=\"_blank\" rel=\"noopener\">PE_Kovacs_V \u2013 Presentaci\u00f3n Especial: Log\u00edstica de transporte en operaciones mineras: una mirada global en aplicaciones comunes<\/b> &#8211; Kovacs, Viktor<\/a><\/li>\n<\/ul>\n<p><\/div>[vc_column_text css=\u00bb.vc_custom_1663421208481{margin-top: 40px !important;margin-bottom: 20px !important;}\u00bb]<\/p>\n<h4><u>Sesi\u00f3n T\u00e9cnica N\u00b005<\/u><\/h4>\n<p>[\/vc_column_text]<div class='q_list circle'><\/p>\n<ul>\n<li style=\"color: #7c7c7c;\"><b>CA1223_C\u00e1ceres_R &#8211; Presente y futuro de las v\u00edas navegables existentes y alternativas en Argentina: An\u00e1lisis del Canal Magdalena<\/b> &#8211; C\u00e1ceres Ra\u00fal; Norman Cecilia<\/li>\n<li><a href=\"http:\/\/www.aadip.org.ar\/web\/wp-content\/uploads\/2022\/09\/Paper-CA1209_Menendez_A.pdf\" target=\"_blank\" rel=\"noopener\"><b>CA1209_Menendez_A &#8211; An\u00e1lisis de las alternativas de traza para la nueva V\u00eda Navegable Troncal de Santa Fe al Oc\u00e9ano<\/b> &#8211; Men\u00e9ndez, \u00c1ngel; Prendes, H\u00e9ctor; Juan, Andr\u00e9s<\/a><\/li>\n<li style=\"color: #7c7c7c;\"><b>CA1220_Acu\u00f1a_S &#8211; Proyecto licitatorio del Corredor Austral Argentino, integraci\u00f3n Tierra del Fuego e Islas del Atl\u00e1ntico Sur<\/b> &#8211; Acu\u00f1a, Sandra; Laurente, Roc\u00edo; Cardini Julio; Rodado Wilfrido<\/li>\n<li><a href=\"http:\/\/www.aadip.org.ar\/web\/wp-content\/uploads\/2022\/09\/Paper-CA1212_Podetti_R.pdf\" target=\"_blank\" rel=\"noopener\"><b>CA1212_Podetti_R &#8211; Cl\u00e1usulas ambiental e industrial para la concesi\u00f3n del dragado en VNT<\/b> &#8211; Podetti, Ra\u00fal; Bra\u00f1as, Carlos; S\u00e1nchez Checa, Fernando; Cianci, Luciano<\/a><\/li>\n<\/ul>\n<p><\/div>[\/vc_tab][vc_tab title=\u00bbD\u00eda 04&#8243; tab_id=\u00bb1663366984706-6-4&#8243;][vc_column_text css=\u00bb.vc_custom_1663420593855{margin-bottom: 40px !important;}\u00bb]<\/p>\n<h6><b>Jueves 08 de septiembre de 2022<\/b><\/h6>\n<p>[\/vc_column_text][vc_column_text css=\u00bb.vc_custom_1663421219559{margin-bottom: 20px !important;}\u00bb]<\/p>\n<h4><u>Sesi\u00f3n T\u00e9cnica N\u00b006<\/u><\/h4>\n<p>[\/vc_column_text]<div class='q_list circle'><\/p>\n<ul>\n<li><a href=\"http:\/\/www.aadip.org.ar\/web\/wp-content\/uploads\/2022\/09\/Paper-CA1217_Bonfante_N.pdf\" target=\"_blank\" rel=\"noopener\"><b>CA1217_Bonfante_N &#8211; Experiencia de dragado capital en r\u00edos no navegables<\/b> &#8211; Bonfante Nahuel<\/a><\/li>\n<li><a href=\"http:\/\/www.aadip.org.ar\/web\/wp-content\/uploads\/2022\/09\/Paper-CA1224_Andrini_J.pdf\" target=\"_blank\" rel=\"noopener\"><b>CA1224_Andrini_J &#8211; Estimaci\u00f3n de vol\u00famenes de dragado en base a datos AIS<\/b> &#8211; Andrini, Juan Cruz<\/a><\/li>\n<li><a href=\"http:\/\/www.aadip.org.ar\/web\/wp-content\/uploads\/2022\/09\/Paper-CA1213_Redondo_R.pdf\" target=\"_blank\" rel=\"noopener\"><b>CA1213_Redondo_R &#8211; Mejora de las ayudas a la navegaci\u00f3n para la optimizaci\u00f3n de navegaci\u00f3n de buques<\/b> &#8211; Redondo, Ra\u00fal; Atienza, Ra\u00fal; Pecharrom\u00e1n, Lourdes; De Andrade Pires, Leandro<\/a><\/li>\n<li><a href=\"http:\/\/www.aadip.org.ar\/web\/wp-content\/uploads\/2022\/09\/Paper-CA1219_Laurente-Rocio.pdf\" target=\"_blank\" rel=\"noopener\"><b>CA1219_Acu\u00f1a_S &#8211; Balizamiento del acceso n\u00e1utico al muelle presidente Arturo Illia, Punta Loyola, Provincia de Santa Cruz<\/b> &#8211; Acu\u00f1a, Sandra; Laurente, Roc\u00edo<\/a><\/li>\n<\/ul>\n<p><\/div>[vc_column_text css=\u00bb.vc_custom_1663421226996{margin-top: 40px !important;margin-bottom: 20px !important;}\u00bb]<\/p>\n<h4><u>Sesi\u00f3n T\u00e9cnica N\u00b007<\/u><\/h4>\n<p>[\/vc_column_text]<div class='q_list circle'><\/p>\n<ul>\n<li><a href=\"http:\/\/www.aadip.org.ar\/web\/wp-content\/uploads\/2022\/09\/Paper-CA1202_Couto_D.pdf\" target=\"_blank\" rel=\"noopener\"><b>CA1202_Couto_D &#8211; Las ciudades-puerto y la competencia global: La integraci\u00f3n urbano-portuaria como estrategia competitiva<\/b> &#8211; Couto, Daniela Emilia<\/a><\/li>\n<li><a href=\"http:\/\/www.aadip.org.ar\/web\/wp-content\/uploads\/2022\/09\/Paper-CA1210_Ortega_J.pdf\" target=\"_blank\" rel=\"noopener\"><b>CA1210_Ortega_J &#8211; Matriz de transporte terrestre de las terminales portuarias del \u00e1rea metropolitana de Rosario<\/b> &#8211; Ortega, Julia; Palma, Mat\u00edas Hern\u00e1n; Pagani, Mar\u00eda Laura<\/a><\/li>\n<li><a href=\"http:\/\/www.aadip.org.ar\/web\/wp-content\/uploads\/2022\/09\/Paper-CA1206_De-la-Vega_C.pdf\" target=\"_blank\" rel=\"noopener\"><b>CA1206_Del Vega_C &#8211; Gesti\u00f3n Puerto Santa Fe<\/b> &#8211; Franco, Esteban; Barnaba, Flavio; de la Vega, Catalina<\/a><\/li>\n<\/ul>\n<p><\/div>[\/vc_tab][\/vc_tabs][\/vc_column][\/vc_row]<\/p>\n","protected":false},"excerpt":{"rendered":"<p>[vc_row row_type=\u00bbrow\u00bb use_row_as_full_screen_section=\u00bbno\u00bb type=\u00bbfull_width\u00bb angled_section=\u00bbno\u00bb text_align=\u00bbleft\u00bb background_image_as_pattern=\u00bbwithout_pattern\u00bb css_animation=\u00bb\u00bb css=\u00bb.vc_custom_1663421461485{margin-bottom: 120px !important;}\u00bb el_class=\u00bbtext-align: justify;\u00bb][vc_column][vc_tabs style=\u00bbboxed\u00bb][vc_tab title=\u00bbD\u00eda 01&#8243; tab_id=\u00bbcea42cb2-5a4b-6&#8243;][vc_column_text css=\u00bb.vc_custom_1663420604487{margin-bottom: 40px !important;}\u00bb] Lunes 05 de septiembre de 2022 [\/vc_column_text][vc_column_text css=\u00bb.vc_custom_1663421148705{margin-bottom: 20px !important;}\u00bb] Sesi\u00f3n T\u00e9cnica N\u00b001 [\/vc_column_text][vc_column_text css=\u00bb.vc_custom_1663421169899{margin-top: 40px !important;margin-bottom: 20px !important;}\u00bb] Sesi\u00f3n T\u00e9cnica N\u00b002 [\/vc_column_text][\/vc_tab][vc_tab title=\u00bbD\u00eda 02&#8243;&#8230;<\/p>\n","protected":false},"author":1,"featured_media":0,"parent":0,"menu_order":0,"comment_status":"closed","ping_status":"closed","template":"","meta":{"footnotes":""},"class_list":["post-18117","page","type-page","status-publish","hentry"],"_links":{"self":[{"href":"http:\/\/www.aadip.org.ar\/web\/wp-json\/wp\/v2\/pages\/18117","targetHints":{"allow":["GET"]}}],"collection":[{"href":"http:\/\/www.aadip.org.ar\/web\/wp-json\/wp\/v2\/pages"}],"about":[{"href":"http:\/\/www.aadip.org.ar\/web\/wp-json\/wp\/v2\/types\/page"}],"author":[{"embeddable":true,"href":"http:\/\/www.aadip.org.ar\/web\/wp-json\/wp\/v2\/users\/1"}],"replies":[{"embeddable":true,"href":"http:\/\/www.aadip.org.ar\/web\/wp-json\/wp\/v2\/comments?post=18117"}],"version-history":[{"count":19,"href":"http:\/\/www.aadip.org.ar\/web\/wp-json\/wp\/v2\/pages\/18117\/revisions"}],"predecessor-version":[{"id":18543,"href":"http:\/\/www.aadip.org.ar\/web\/wp-json\/wp\/v2\/pages\/18117\/revisions\/18543"}],"wp:attachment":[{"href":"http:\/\/www.aadip.org.ar\/web\/wp-json\/wp\/v2\/media?parent=18117"}],"curies":[{"name":"wp","href":"https:\/\/api.w.org\/{rel}","templated":true}]}}